{"id":15,"date":"2021-08-12T12:04:24","date_gmt":"2021-08-12T10:04:24","guid":{"rendered":"https:\/\/inicio.bgimeno.com\/?page_id=15"},"modified":"2022-06-23T11:52:02","modified_gmt":"2022-06-23T09:52:02","slug":"politica-de-privacidad","status":"publish","type":"page","link":"https:\/\/www.anake.es\/en\/politica-de-privacidad\/","title":{"rendered":"Pol\u00edtica de Privacidad"},"content":{"rendered":"<p>[et_pb_section fb_built=&#8221;1&#8243; _builder_version=&#8221;4.14.9&#8243; _module_preset=&#8221;default&#8221; global_colors_info=&#8221;{}&#8221;][et_pb_row _builder_version=&#8221;4.14.9&#8243; _module_preset=&#8221;default&#8221; global_colors_info=&#8221;{}&#8221;][et_pb_column type=&#8221;4_4&#8243; _builder_version=&#8221;4.14.9&#8243; _module_preset=&#8221;default&#8221; global_colors_info=&#8221;{}&#8221;][et_pb_text _builder_version=&#8221;4.14.9&#8243; _module_preset=&#8221;default&#8221; text_font=&#8221;News Cycle||||||||&#8221; text_text_color=&#8221;#000000&#8243; text_font_size=&#8221;20px&#8221; text_line_height=&#8221;1.3em&#8221; max_width=&#8221;900px&#8221; module_alignment=&#8221;center&#8221; hover_enabled=&#8221;0&#8243; global_colors_info=&#8221;{}&#8221; link_text_color=&#8221;#000000&#8243; link_font=&#8221;||||on||||&#8221; sticky_enabled=&#8221;0&#8243;]<\/p>\n<h1><span style=\"font-weight: 400;\">Pol\u00edtica de Privacidad<\/span><\/h1>\n<p><span style=\"font-weight: 400;\"><\/span><\/p>\n<p>Mediante este aviso de CONCEPCI\u00d3N PORRAS L\u00d3PEZ (en adelante, ANAKE) con \u00a0con domicilio social en C\/Cuevas 1, bjo 18600, Motril Granada y direcci\u00f3n de correo electr\u00f3nico <a href=\"mailto:hablamos@anake.es\">hablamos@anake.es<\/a> informa a los usuarios de su portal acerca de su pol\u00edtica de protecci\u00f3n de datos de car\u00e1cter personal para que los Usuarios determinen libre y voluntariamente si desean facilitar a ANAKE los Datos Personales que se les puedan requerir o que se puedan obtener de los Usuarios con ocasi\u00f3n de la suscripci\u00f3n o alta en algunos de los servicios ofrecidos por ANAKE.<\/p>\n<p>ANAKE se reserva el derecho a modificar la presente pol\u00edtica para adaptarla a novedades legislativas o jurisprudenciales as\u00ed como a pr\u00e1cticas de la industria. En dichos supuestos, ANAKE anunciar\u00e1 en esta p\u00e1gina los cambios introducidos con razonable antelaci\u00f3n a su puesta en pr\u00e1ctica.<\/p>\n<p>ANAKE proporciona a los usuarios los recursos t\u00e9cnicos adecuados para que, con car\u00e1cter previo, puedan acceder a este aviso sobre la Pol\u00edtica de Privacidad o a cualquier otra informaci\u00f3n relevante y puedan prestar su consentimiento a fin de que ANAKE proceda al tratamiento automatizado de sus Datos Personales. Salvo en los campos en que se indique lo contrario, las respuestas a las preguntas sobre Datos Personales son voluntarias, sin que la falta de contestaci\u00f3n implique una merma en la calidad o cantidad de los servicios correspondientes, a menos que se indique otra cosa.<\/p>\n<p>&nbsp;<\/p>\n<p><strong>INFORMACI\u00d3N ADICIONAL SOBRE PROTECCI\u00d3N DE DATOS<\/strong><\/p>\n<p><strong>\u00bfQui\u00e9n es el Responsable del tratamiento de sus datos?<\/strong><\/p>\n<table width=\"602\">\n<tbody>\n<tr>\n<td width=\"602\">\n<p>Identidad: CONCEPCI\u00d3N PORRAS L\u00d3PEZ (en adelante, ANAKE)<\/p>\n<p>CIF: 38446997J<\/p>\n<p>Dir. postal: C\/Cuevas 1, bjo 18600, Motril Granada<\/p>\n<p>Correo elect: <a href=\"mailto:hablamos@anake.es\">hablamos@anake.es<\/a><\/p>\n<\/td>\n<\/tr>\n<\/tbody>\n<\/table>\n<p>&nbsp;<\/p>\n<p><strong>\u00bfCon qu\u00e9 finalidad tratamos sus datos personales?<\/strong><\/p>\n<p>Tratamos sus datos para responder a su consulta\/solicitud\/sugerencia y gestionar el tipo de relaci\u00f3n que mantiene con nosotros.\u00a0 En el caso de que nos otorgue su consentimiento, su datos se utilizar\u00e1 para enviarle informaci\u00f3n comercial que desarrolle ANAKE por cualquier medio, incluyendo medios electr\u00f3nicos y Whatsapp. Sus datos se conservar\u00e1n durante el tiempo que necesario para cumplir con la finalidad para la que se recabaron y para determinar las posibles responsabilidades que se pudieran derivar de dicha finalidad y del tratamiento de los datos y hasta que prescriban las eventuales responsabilidades derivadas de la gesti\u00f3n. No se tomar\u00e1n decisiones individuales automatizadas ni se elaborar\u00e1n perfiles.<\/p>\n<p><strong>\u00bfCu\u00e1l es la legitimaci\u00f3n para el tratamiento de sus datos?<\/strong><\/p>\n<p>&nbsp;<\/p>\n<p>Tratamos sus datos personales al base al consentimiento del interesado (art. 6.1.a RGPD) , que puede ser revocado en cualquier momento, si bien ello no afectar\u00e1 a la licitud de los tratamientos de datos realizados con anterioridad. En caso de no facilitar sus datos ser\u00eda imposible poder tramitar y gestionar la consulta.<\/p>\n<p><strong>\u00bfA qu\u00e9 destinatarios se comunicar\u00e1n sus datos?<\/strong><\/p>\n<p>No se ceder\u00e1n datos a terceros ni se realizar\u00e1 transferencia internacional de datos.<\/p>\n<p><strong>\u00bfCu\u00e1les son sus derechos cuando nos facilita sus datos?<\/strong><\/p>\n<p>Las personas interesadas tienen derecho a obtener confirmaci\u00f3n sobre si estamos tratando datos personales que les conciernan, o no.<\/p>\n<p>Las personas interesadas tienen derecho a <u>acceder<\/u> a sus datos personales, as\u00ed como a solicitar la <u>rectificaci\u00f3n<\/u> de los datos inexactos o, en su caso, solicitar su <u>supresi\u00f3n<\/u> cuando, entre otros motivos, los datos ya no sean necesarios para los fines que fueron recogidos.<\/p>\n<p>Las personas interesadas tienen derecho a <u>revocar<\/u> o retirar el <u>consentimiento<\/u> otorgado para el tratamiento de sus datos para finalidades espec\u00edficas en cualquier momento.<\/p>\n<p>En determinadas circunstancias y por motivos relacionados con su situaci\u00f3n particular, las personas interesadas podr\u00e1n <u>oponerse<\/u> al tratamiento de sus datos o a parte de estos, en cuyo caso dejaremos de tratar los datos, salvo para el cumplimiento de alguna obligaci\u00f3n legal.<\/p>\n<p>En determinadas circunstancias, las personas interesadas podr\u00e1n solicitar la <u>limitaci\u00f3n<\/u> del tratamiento de sus datos, en cuyo caso \u00fanicamente los conservaremos para el ejercicio o la defensa de reclamaciones y <em>\u00a0<\/em>para el cumplimiento de alguna obligaci\u00f3n legal.<\/p>\n<p>En determinadas circunstancias (cuando el tratamiento se realice por medios automatizados y este se base en el consentimiento de las personas interesadas), las personas interesadas podr\u00e1n solicitar la <u>portabilidad<\/u> de sus datos para que estos sean transmitidos a otro responsable.<\/p>\n<p>Las personas interesadas pueden ejercer sus derechos dirigiendo un escrito al Responsable del Tratamiento en la direcci\u00f3n postal C\/Cuevas 1, bjo 18600, Motril Granada y en el correo electr\u00f3nico <a href=\"mailto:hablamos@anake.es\">hablamos@anake.es<\/a> pudiendo obtener modelos para este ejercicio en mismo email.<\/p>\n<p>Las personas interesadas disponen de la posibilidad presentar una reclamaci\u00f3n cuando no hayan obtenido satisfacci\u00f3n en el ejercicio de sus derechos ante la Agencia Espa\u00f1ola de Protecci\u00f3n de Datos (www.agpd.es). As\u00ed mismo, las personas interesadas pueden obtener informaci\u00f3n adicional acerca de sus derechos dirigi\u00e9ndose a la Agencia Espa\u00f1ola de Protecci\u00f3n de Datos (<a href=\"http:\/\/www.agpd.es\/\">www.agpd.es<\/a>).<\/p>\n<p>&nbsp;<\/p>\n<p>[\/et_pb_text][\/et_pb_column][\/et_pb_row][\/et_pb_section]<\/p>\n","protected":false},"excerpt":{"rendered":"<p>Pol\u00edtica de Privacidad Mediante este aviso de CONCEPCI\u00d3N PORRAS L\u00d3PEZ (en adelante, ANAKE) con \u00a0con domicilio social en C\/Cuevas 1, bjo 18600, Motril Granada y direcci\u00f3n de correo electr\u00f3nico hablamos@anake.es informa a los usuarios de su portal acerca de su pol\u00edtica de protecci\u00f3n de datos de car\u00e1cter personal para que los Usuarios determinen libre y [&hellip;]<\/p>\n","protected":false},"author":1,"featured_media":0,"parent":0,"menu_order":0,"comment_status":"closed","ping_status":"closed","template":"","meta":{"_et_pb_use_builder":"on","_et_pb_old_content":"<!-- wp:divi\/placeholder \/-->","_et_gb_content_width":"","_joinchat":[],"footnotes":""},"class_list":["post-15","page","type-page","status-publish","hentry"],"yoast_head":"<!-- This site is optimized with the Yoast SEO plugin v26.2 - https:\/\/yoast.com\/wordpress\/plugins\/seo\/ -->\n<title>Pol\u00edtica de Privacidad - Anake. Coaching, Mindfulness, Formaci\u00f3n.<\/title>\n<meta name=\"robots\" content=\"index, follow, max-snippet:-1, max-image-preview:large, max-video-preview:-1\" \/>\n<link rel=\"canonical\" href=\"https:\/\/www.anake.es\/en\/politica-de-privacidad\/\" \/>\n<meta property=\"og:locale\" content=\"en_US\" \/>\n<meta property=\"og:locale:alternate\" content=\"es_ES\" \/>\n<meta property=\"og:type\" content=\"article\" \/>\n<meta property=\"og:title\" content=\"Pol\u00edtica de Privacidad - Anake. Coaching, Mindfulness, Formaci\u00f3n.\" \/>\n<meta property=\"og:description\" content=\"Pol\u00edtica de Privacidad Mediante este aviso de CONCEPCI\u00d3N PORRAS L\u00d3PEZ (en adelante, ANAKE) con \u00a0con domicilio social en C\/Cuevas 1, bjo 18600, Motril Granada y direcci\u00f3n de correo electr\u00f3nico hablamos@anake.es informa a los usuarios de su portal acerca de su pol\u00edtica de protecci\u00f3n de datos de car\u00e1cter personal para que los Usuarios determinen libre y [&hellip;]\" \/>\n<meta property=\"og:url\" content=\"https:\/\/www.anake.es\/en\/politica-de-privacidad\/\" \/>\n<meta property=\"og:site_name\" content=\"Anake. Coaching, Mindfulness, Formaci\u00f3n.\" \/>\n<meta property=\"article:modified_time\" content=\"2022-06-23T09:52:02+00:00\" \/>\n<meta name=\"twitter:card\" content=\"summary_large_image\" \/>\n<meta name=\"twitter:label1\" content=\"Est. reading time\" \/>\n\t<meta name=\"twitter:data1\" content=\"5 minutes\" \/>\n<script type=\"application\/ld+json\" class=\"yoast-schema-graph\">{\"@context\":\"https:\/\/schema.org\",\"@graph\":[{\"@type\":\"WebPage\",\"@id\":\"https:\/\/www.anake.es\/politica-de-privacidad\/\",\"url\":\"https:\/\/www.anake.es\/politica-de-privacidad\/\",\"name\":\"Pol\u00edtica de Privacidad - Anake. Coaching, Mindfulness, Formaci\u00f3n.\",\"isPartOf\":{\"@id\":\"https:\/\/www.anake.es\/#website\"},\"datePublished\":\"2021-08-12T10:04:24+00:00\",\"dateModified\":\"2022-06-23T09:52:02+00:00\",\"breadcrumb\":{\"@id\":\"https:\/\/www.anake.es\/politica-de-privacidad\/#breadcrumb\"},\"inLanguage\":\"en-US\",\"potentialAction\":[{\"@type\":\"ReadAction\",\"target\":[\"https:\/\/www.anake.es\/politica-de-privacidad\/\"]}]},{\"@type\":\"BreadcrumbList\",\"@id\":\"https:\/\/www.anake.es\/politica-de-privacidad\/#breadcrumb\",\"itemListElement\":[{\"@type\":\"ListItem\",\"position\":1,\"name\":\"Portada\",\"item\":\"https:\/\/www.anake.es\/\"},{\"@type\":\"ListItem\",\"position\":2,\"name\":\"Pol\u00edtica de Privacidad\"}]},{\"@type\":\"WebSite\",\"@id\":\"https:\/\/www.anake.es\/#website\",\"url\":\"https:\/\/www.anake.es\/\",\"name\":\"Anake. Coaching, Mindfulness, Formaci\u00f3n.\",\"description\":\"Desarrollo personal y de las organizaciones. \",\"potentialAction\":[{\"@type\":\"SearchAction\",\"target\":{\"@type\":\"EntryPoint\",\"urlTemplate\":\"https:\/\/www.anake.es\/?s={search_term_string}\"},\"query-input\":{\"@type\":\"PropertyValueSpecification\",\"valueRequired\":true,\"valueName\":\"search_term_string\"}}],\"inLanguage\":\"en-US\"}]}<\/script>\n<!-- \/ Yoast SEO plugin. -->","yoast_head_json":{"title":"Pol\u00edtica de Privacidad - Anake. Coaching, Mindfulness, Formaci\u00f3n.","robots":{"index":"index","follow":"follow","max-snippet":"max-snippet:-1","max-image-preview":"max-image-preview:large","max-video-preview":"max-video-preview:-1"},"canonical":"https:\/\/www.anake.es\/en\/politica-de-privacidad\/","og_locale":"en_US","og_type":"article","og_title":"Pol\u00edtica de Privacidad - Anake. Coaching, Mindfulness, Formaci\u00f3n.","og_description":"Pol\u00edtica de Privacidad Mediante este aviso de CONCEPCI\u00d3N PORRAS L\u00d3PEZ (en adelante, ANAKE) con \u00a0con domicilio social en C\/Cuevas 1, bjo 18600, Motril Granada y direcci\u00f3n de correo electr\u00f3nico hablamos@anake.es informa a los usuarios de su portal acerca de su pol\u00edtica de protecci\u00f3n de datos de car\u00e1cter personal para que los Usuarios determinen libre y [&hellip;]","og_url":"https:\/\/www.anake.es\/en\/politica-de-privacidad\/","og_site_name":"Anake. Coaching, Mindfulness, Formaci\u00f3n.","article_modified_time":"2022-06-23T09:52:02+00:00","twitter_card":"summary_large_image","twitter_misc":{"Est. reading time":"5 minutes"},"schema":{"@context":"https:\/\/schema.org","@graph":[{"@type":"WebPage","@id":"https:\/\/www.anake.es\/politica-de-privacidad\/","url":"https:\/\/www.anake.es\/politica-de-privacidad\/","name":"Pol\u00edtica de Privacidad - Anake. Coaching, Mindfulness, Formaci\u00f3n.","isPartOf":{"@id":"https:\/\/www.anake.es\/#website"},"datePublished":"2021-08-12T10:04:24+00:00","dateModified":"2022-06-23T09:52:02+00:00","breadcrumb":{"@id":"https:\/\/www.anake.es\/politica-de-privacidad\/#breadcrumb"},"inLanguage":"en-US","potentialAction":[{"@type":"ReadAction","target":["https:\/\/www.anake.es\/politica-de-privacidad\/"]}]},{"@type":"BreadcrumbList","@id":"https:\/\/www.anake.es\/politica-de-privacidad\/#breadcrumb","itemListElement":[{"@type":"ListItem","position":1,"name":"Portada","item":"https:\/\/www.anake.es\/"},{"@type":"ListItem","position":2,"name":"Pol\u00edtica de Privacidad"}]},{"@type":"WebSite","@id":"https:\/\/www.anake.es\/#website","url":"https:\/\/www.anake.es\/","name":"Anake. Coaching, Mindfulness, Formaci\u00f3n.","description":"Desarrollo personal y de las organizaciones. ","potentialAction":[{"@type":"SearchAction","target":{"@type":"EntryPoint","urlTemplate":"https:\/\/www.anake.es\/?s={search_term_string}"},"query-input":{"@type":"PropertyValueSpecification","valueRequired":true,"valueName":"search_term_string"}}],"inLanguage":"en-US"}]}},"_links":{"self":[{"href":"https:\/\/www.anake.es\/en\/wp-json\/wp\/v2\/pages\/15","targetHints":{"allow":["GET"]}}],"collection":[{"href":"https:\/\/www.anake.es\/en\/wp-json\/wp\/v2\/pages"}],"about":[{"href":"https:\/\/www.anake.es\/en\/wp-json\/wp\/v2\/types\/page"}],"author":[{"embeddable":true,"href":"https:\/\/www.anake.es\/en\/wp-json\/wp\/v2\/users\/1"}],"replies":[{"embeddable":true,"href":"https:\/\/www.anake.es\/en\/wp-json\/wp\/v2\/comments?post=15"}],"version-history":[{"count":4,"href":"https:\/\/www.anake.es\/en\/wp-json\/wp\/v2\/pages\/15\/revisions"}],"predecessor-version":[{"id":7338,"href":"https:\/\/www.anake.es\/en\/wp-json\/wp\/v2\/pages\/15\/revisions\/7338"}],"wp:attachment":[{"href":"https:\/\/www.anake.es\/en\/wp-json\/wp\/v2\/media?parent=15"}],"curies":[{"name":"wp","href":"https:\/\/api.w.org\/{rel}","templated":true}]}}