{"id":17,"date":"2021-08-12T12:04:37","date_gmt":"2021-08-12T10:04:37","guid":{"rendered":"https:\/\/inicio.bgimeno.com\/?page_id=17"},"modified":"2022-06-29T06:48:26","modified_gmt":"2022-06-29T04:48:26","slug":"politica-de-cookies","status":"publish","type":"page","link":"https:\/\/www.anake.es\/en\/politica-de-cookies\/","title":{"rendered":"Pol\u00edtica de Cookies"},"content":{"rendered":"<p>[et_pb_section fb_built=&#8221;1&#8243; _builder_version=&#8221;4.16&#8243; _module_preset=&#8221;default&#8221; global_colors_info=&#8221;{}&#8221;][et_pb_row _builder_version=&#8221;4.16&#8243; _module_preset=&#8221;default&#8221; global_colors_info=&#8221;{}&#8221;][et_pb_column type=&#8221;4_4&#8243; _builder_version=&#8221;4.16&#8243; _module_preset=&#8221;default&#8221; global_colors_info=&#8221;{}&#8221;][et_pb_text _builder_version=&#8221;4.17.4&#8243; _module_preset=&#8221;default&#8221; text_font=&#8221;News Cycle||||||||&#8221; text_text_color=&#8221;#000000&#8243; text_font_size=&#8221;20px&#8221; text_line_height=&#8221;1.3em&#8221; max_width=&#8221;900px&#8221; module_alignment=&#8221;center&#8221; hover_enabled=&#8221;0&#8243; global_colors_info=&#8221;{}&#8221; sticky_enabled=&#8221;0&#8243;]<\/p>\n<h1>Pol\u00edtica de cookies<\/h1>\n<p><b><\/b><\/p>\n<p><b>Fecha de \u00faltima actualizaci\u00f3n: 14\/04\/2020<\/b><\/p>\n<p><span style=\"font-weight: 400;\">En cumplimiento la Ley 34\/2002, de 11 de julio de Servicios de la Sociedad de la Informaci\u00f3n y Comercio Electr\u00f3nico le informamos de que el presente sitio <\/span><a href=\"https:\/\/anake.es\"><span style=\"font-weight: 400;\">https:\/\/anake.es<\/span><\/a> <span style=\"font-weight: 400;\">\u00a0es titularidad de <\/span><span style=\"font-weight: 400;\">CONCEPCI\u00d3N PORRAS L\u00d3PEZ (en adelante, ANAKE)<\/span><span style=\"font-weight: 400;\">. Esta web utiliza cookies propias y de <\/span><b>terceros<\/b><span style=\"font-weight: 400;\"> para <\/span><i><span style=\"font-weight: 400;\">(indicar la finalidad de forma concisa, transparente e inteligible, por ejemplo: analizar su navegaci\u00f3n y mejorar funcionalidad, rendimiento y mostrar contenido \u00fatil de la web\u2026.)<\/span><\/i><b><i>\u00a0<\/i><\/b><\/p>\n<p><span style=\"font-weight: 400;\">\u200b<\/span><\/p>\n<p><span style=\"font-weight: 400;\">El prop\u00f3sito de nuestra Pol\u00edtica de Cookies es ayudarle a comprender las definiciones y funciones gen\u00e9ricas de las cookies, el tipo de cookies y uso que hacemos de las mismas,\u00a0 esclarecer su finalidad,\u00a0 identificar qui\u00e9n utiliza las cookies, as\u00ed como las opciones que tiene el usuario para aceptar, denegar, revocar o el consentimiento o eliminar las cookies. Tambi\u00e9n le informaremos si se lleva a cabo transferencias internacional de datos y elaboraci\u00f3n de perfiles.\u00a0\u00a0<\/span><\/p>\n<p>&nbsp;<\/p>\n<p><span style=\"font-weight: 400;\">Los usuarios pueden acceder a esta informaci\u00f3n en todo momento a trav\u00e9s del link habilitado en la web. Asimismo, podr\u00e1n modificar sus preferencias sobre la aceptaci\u00f3n de cookies.<\/span><\/p>\n<p>&nbsp;<\/p>\n<p><b>\u00bfQU\u00c9 ES UNA COOKIE?\u00a0<\/b><\/p>\n<p>&nbsp;<\/p>\n<p><span style=\"font-weight: 400;\">Este sitio web utiliza cookies y\/o tecnolog\u00edas similares que almacenan y recuperan informaci\u00f3n cuando navegas. Una cookie es un peque\u00f1o fragmento de texto que los sitios web que visitas env\u00edan al navegador y que permite que el sitio web recuerde informaci\u00f3n sobre tu visita.\u00a0<\/span><\/p>\n<p><span style=\"font-weight: 400;\">Este sitio web utiliza cookies y\/o tecnolog\u00edas similares que almacenan y recuperan informaci\u00f3n cuando navegas. En general, estas tecnolog\u00edas pueden servir para finalidades muy diversas, como, por ejemplo,\u00a0 recordar tu idioma preferido, reconocerte como usuario, obtener informaci\u00f3n sobre tus h\u00e1bitos de navegaci\u00f3n, o personalizar la forma en que se muestra el contenido y otras opciones, lo que puede facilitar tu pr\u00f3xima visita y hacer que el sitio te resulte m\u00e1s \u00fatil. Las cookies desempe\u00f1an un papel muy importante, ya que sin ellas el uso de la Web ser\u00eda una experiencia mucho m\u00e1s frustrante.<\/span><\/p>\n<p><span style=\"font-weight: 400;\">Los usos concretos que hacemos de estas tecnolog\u00edas se describen a continuaci\u00f3n.<\/span><\/p>\n<p><b>\u00bfQU\u00c9 TIPOS DE COOKIES EXISTEN?<\/b><\/p>\n<p><span style=\"font-weight: 400;\">Las cookies, en funci\u00f3n de la <\/span><span style=\"font-weight: 400;\">entidad<\/span><span style=\"font-weight: 400;\"> que las gestione<\/span><\/p>\n<p><b>Cookies propias: <\/b><span style=\"font-weight: 400;\">gestionadas por el dominio al que el usuario accede y del que solicita un determinado servicio (en este caso los dominios titularidad de ANAKE.)<\/span><\/p>\n<p><b>Cookies de tercero:<\/b><span style=\"font-weight: 400;\"> enviadas al equipo terminal del usuario desde un dominio o equipo diferente al que se accede.<\/span><\/p>\n<p><span style=\"font-weight: 400;\">Las cookies, en funci\u00f3n de la <\/span><span style=\"font-weight: 400;\">finalidad<\/span><\/p>\n<p><b>Cookies t\u00e9cnicas<\/b><span style=\"font-weight: 400;\">: permiten al usuario la navegaci\u00f3n a trav\u00e9s de una p\u00e1gina web, plataforma o aplicaci\u00f3n y la utilizaci\u00f3n de las diferentes opciones o servicios que en ella existan, incluyendo aquellas que el editor utiliza para permitir la gesti\u00f3n y operativa de la p\u00e1gina web y habilitar sus funciones y servicios, como, por ejemplo, controlar el tr\u00e1fico y la comunicaci\u00f3n de datos, identificar la sesi\u00f3n, acceder a partes de acceso restringido, recordar los elementos que integran un pedido, realizar el proceso de compra de un pedido, gestionar el pago, controlar el fraude vinculado a la seguridad del servicio, realizar la solicitud de inscripci\u00f3n o participaci\u00f3n en un evento, contar visitas a efectos de la facturaci\u00f3n de licencias del software con el que funciona el\u00a0<\/span><\/p>\n<p><b>Cookies de preferencias o personalizaci\u00f3n<\/b><span style=\"font-weight: 400;\">:\u00a0 permiten recordar informaci\u00f3n para que el usuario acceda al servicio con determinadas caracter\u00edsticas (por ejemplo, el idioma)<\/span><\/p>\n<p><b>Cookies de an\u00e1lisis o medici\u00f3n<\/b><span style=\"font-weight: 400;\">: este tipo de cookies se utiliza en la medici\u00f3n de la actividad de los sitios web, aplicaci\u00f3n o plataforma, con el fin de introducir mejoras en funci\u00f3n del an\u00e1lisis de los datos de uso que hacen los usuarios del servicio.<\/span><\/p>\n<p><b>Cookies de publicidad comportamental:<\/b><span style=\"font-weight: 400;\"> almacenan informaci\u00f3n del comportamiento del usuario obtenida a trav\u00e9s de la observaci\u00f3n continuada de sus h\u00e1bitos de navegaci\u00f3n, lo que permite desarrollar un perfil espec\u00edfico para mostrar publicidad.\u00a0<\/span><\/p>\n<p><span style=\"font-weight: 400;\">Las cookies seg\u00fan el <\/span><span style=\"font-weight: 400;\">plazo de tiempo que permanecen activadas<\/span><span style=\"font-weight: 400;\">:<\/span><\/p>\n<p><b>Cookies de sesi\u00f3n: <\/b><span style=\"font-weight: 400;\">se borrar\u00e1n una vez el usuario abandone la p\u00e1gina web que las gener\u00f3 o <\/span><span style=\"font-weight: 400;\">\u201cpersistentes\u201d, que permanecen en su ordenador hasta una fecha determinada.<\/span><\/p>\n<p><b>Cookies persistentes: <\/b><span style=\"font-weight: 400;\">los datos siguen almacenados en el terminal y pueden ser accedidos y tratados durante un periodo definido por el responsable.<\/span><\/p>\n<p><b>\u00bfQU\u00c9 TIPO DE COOKIES UTILIZA ANAKE?<\/b><\/p>\n<p><span style=\"font-weight: 400;\">ANAKE utiliza cookies con diversos fines, entre los que se incluyen recordar tus preferencias de uso, contar el n\u00famero de visitas que recibimos para acceder a una p\u00e1gina, ayudarte a registrarte en nuestros servicios y proteger tus datos.<\/span><\/p>\n<p><span style=\"font-weight: 400;\"><\/span><\/p>\n<p><span style=\"font-weight: 400;\">\u00bfC\u00d3MO DESHABILITAR LAS COOKIES?<\/span><\/p>\n<p><span style=\"font-weight: 400;\">En todo momento, y al menos, durante la instalaci\u00f3n o puesta al d\u00eda del navegador,\u00a0 puede usted aceptar o rechazar la instalaci\u00f3n de cookies, o bien rechazar la instalaci\u00f3n de un determinado tipo de cookies, como las cookies de terceros, cambiando la configuraci\u00f3n de su navegador. Adem\u00e1s, despu\u00e9s de cada sesi\u00f3n puede eliminar todas o algunas de las cookies almacenadas.<\/span><\/p>\n<p><span style=\"font-weight: 400;\">Adem\u00e1s, despu\u00e9s de cada sesi\u00f3n puede eliminar todas o algunas de las cookies almacenadas. Asimismo el usuario puede activar:<\/span><\/p>\n<ul>\n<li style=\"font-weight: 400;\" aria-level=\"1\"><span style=\"font-weight: 400;\">La navegaci\u00f3n privada, mediante la cual su navegador deja de guardar el historial de navegaci\u00f3n, contrase\u00f1as de sitios web, cookies y otra informaci\u00f3n de las p\u00e1ginas que visita.<\/span><\/li>\n<li style=\"font-weight: 400;\" aria-level=\"1\"><span style=\"font-weight: 400;\">La funci\u00f3n de no rastrear, por la que el navegador pide a los sitios web que visita que no rastreen sus h\u00e1bitos de navegaci\u00f3n, para por ejemplo, servirle publicidad de su inter\u00e9s en los sitios que visita.<\/span><\/li>\n<\/ul>\n<p><span style=\"font-weight: 400;\">Le recomendamos que consulte la ayuda de su navegador para informarse de las diferentes opciones sobre c\u00f3mo gestionar las cookies. Puede encontrar informaci\u00f3n sobre c\u00f3mo gestionar sus preferencias sobre cookies en los navegadores m\u00e1s habituales a trav\u00e9s de los enlaces siguientes:<\/span><\/p>\n<ul>\n<li aria-level=\"1\"><a href=\"https:\/\/support.microsoft.com\/es-es\/help\/17442\/windows-internet-explorer-delete-manage-cookies\"><span style=\"font-weight: 400;\">Internet Explorer\u00a0<\/span><\/a><\/li>\n<\/ul>\n<ul>\n<li style=\"font-weight: 400;\" aria-level=\"1\"><a href=\"https:\/\/support.mozilla.org\/es\/kb\/habilitar-y-deshabilitar-cookies-sitios-web-rastrear-preferencias?redirectlocale=es&amp;redirectslug=habilitar-y-deshabilitar-cookies-que-los-sitios-we\"><span style=\"font-weight: 400;\">Firefox\u00a0<\/span><\/a><\/li>\n<li style=\"font-weight: 400;\" aria-level=\"1\"><a href=\"https:\/\/support.apple.com\/es-es\/guide\/safari\/sfri11471\/mac\"><span style=\"font-weight: 400;\">Safari\u00a0<\/span><\/a><\/li>\n<li style=\"font-weight: 400;\" aria-level=\"1\"><a href=\"https:\/\/support.google.com\/chrome\/answer\/95647?hl=es\"><span style=\"font-weight: 400;\">Google<\/span> <span style=\"font-weight: 400;\">Chrome\u00a0<\/span><\/a><\/li>\n<li style=\"font-weight: 400;\" aria-level=\"1\"><a href=\"https:\/\/help.opera.com\/en\/latest\/web-preferences\/\"><span style=\"font-weight: 400;\">Opera\u00a0<\/span><\/a><\/li>\n<\/ul>\n<p><span style=\"font-weight: 400;\">\u00a0<\/span><\/p>\n<p><span style=\"font-weight: 400;\">Tenga en cuenta que el bloqueo de cookies puede afectar a todas o algunas de las funcionalidades de nuestra web. Puedes informarte de las transferencias a terceros pa\u00edses que, en su caso, realizan los terceros identificados en esta pol\u00edtica de cookies en sus correspondientes pol\u00edticas (ver los enlaces facilitados en el apartado \u201cCookies de terceros\u201d).<\/span><\/p>\n<p><span style=\"font-weight: 400;\">Quedan <\/span><b>exceptuadas<\/b><span style=\"font-weight: 400;\"> de la obligaci\u00f3n de informaci\u00f3n y consentimiento las cookies que tienen por finalidad: (i)\u00a0 Cookies de \u00abentrada del usuario\u00bb; (ii) Cookies de autenticaci\u00f3n o identificaci\u00f3n de usuario (\u00fanicamente de sesi\u00f3n); (iii)\u00a0 Cookies de seguridad del usuario; (iv) Cookies de sesi\u00f3n de reproductor multimedia; (v)\u00a0 Cookies de sesi\u00f3n para equilibrar la carga; (vi) Cookies de personalizaci\u00f3n de la interfaz de usuario; (vii)\u00a0 Cookies de complemento (plug-in) para intercambiar contenidos sociales<\/span><\/p>\n<p><span style=\"font-weight: 400;\">En relaci\u00f3n con el resto de informaci\u00f3n que no se refiera de forma espec\u00edfica a las cookies puede dirigirse a nuestra <\/span><b>Pol\u00edtica de Privacidad o Aviso legal.\u00a0<\/b><\/p>\n<p><span style=\"font-weight: 400;\">Si tienes alguna pregunta o duda acerca de esta Pol\u00edtica de Cookies, puedes ponerte en contacto con nosotros a trav\u00e9s de <\/span><span style=\"font-weight: 400;\">hablamos@anake.es.<\/span>\u00a0<span style=\"font-weight: 400;\">Informaci\u00f3n completa acerca de la normativa aplicable en materia de cookies en la p\u00e1gina web de la Agencia Espa\u00f1ola de Protecci\u00f3n de Datos. <\/span><span style=\"font-weight: 400;\"><a href=\"http:\/\/www.aepd.es\">www.aepd.es<\/a><a href=\"http:\/\/www.aepd.es\"><\/a><\/span><\/p>\n<p>Pol\u00edtica de Cookies<span style=\"font-weight: 400;\"><\/span><\/p>\n<p><span style=\"font-weight: 400;\"><\/span><\/p>\n<p><span>Region EU not activated for cookie-statement.<\/span><\/p>\n<p>[\/et_pb_text][\/et_pb_column][\/et_pb_row][\/et_pb_section]<\/p>\n","protected":false},"excerpt":{"rendered":"<p>Pol\u00edtica de cookies Fecha de \u00faltima actualizaci\u00f3n: 14\/04\/2020 En cumplimiento la Ley 34\/2002, de 11 de julio de Servicios de la Sociedad de la Informaci\u00f3n y Comercio Electr\u00f3nico le informamos de que el presente sitio https:\/\/anake.es \u00a0es titularidad de CONCEPCI\u00d3N PORRAS L\u00d3PEZ (en adelante, ANAKE). Esta web utiliza cookies propias y de terceros para (indicar [&hellip;]<\/p>\n","protected":false},"author":1,"featured_media":0,"parent":0,"menu_order":0,"comment_status":"closed","ping_status":"closed","template":"","meta":{"_et_pb_use_builder":"on","_et_pb_old_content":"<!-- wp:divi\/placeholder \/-->","_et_gb_content_width":"","_joinchat":[],"footnotes":""},"class_list":["post-17","page","type-page","status-publish","hentry"],"yoast_head":"<!-- This site is optimized with the Yoast SEO plugin v26.2 - https:\/\/yoast.com\/wordpress\/plugins\/seo\/ -->\n<title>Pol\u00edtica de Cookies - Anake. Coaching, Mindfulness, Formaci\u00f3n.<\/title>\n<meta name=\"robots\" content=\"index, follow, max-snippet:-1, max-image-preview:large, max-video-preview:-1\" \/>\n<link rel=\"canonical\" href=\"https:\/\/www.anake.es\/en\/politica-de-cookies\/\" \/>\n<meta property=\"og:locale\" content=\"en_US\" \/>\n<meta property=\"og:locale:alternate\" content=\"es_ES\" \/>\n<meta property=\"og:type\" content=\"article\" \/>\n<meta property=\"og:title\" content=\"Pol\u00edtica de Cookies - Anake. Coaching, Mindfulness, Formaci\u00f3n.\" \/>\n<meta property=\"og:description\" content=\"Pol\u00edtica de cookies Fecha de \u00faltima actualizaci\u00f3n: 14\/04\/2020 En cumplimiento la Ley 34\/2002, de 11 de julio de Servicios de la Sociedad de la Informaci\u00f3n y Comercio Electr\u00f3nico le informamos de que el presente sitio https:\/\/anake.es \u00a0es titularidad de CONCEPCI\u00d3N PORRAS L\u00d3PEZ (en adelante, ANAKE). Esta web utiliza cookies propias y de terceros para (indicar [&hellip;]\" \/>\n<meta property=\"og:url\" content=\"https:\/\/www.anake.es\/en\/politica-de-cookies\/\" \/>\n<meta property=\"og:site_name\" content=\"Anake. Coaching, Mindfulness, Formaci\u00f3n.\" \/>\n<meta property=\"article:modified_time\" content=\"2022-06-29T04:48:26+00:00\" \/>\n<meta name=\"twitter:card\" content=\"summary_large_image\" \/>\n<meta name=\"twitter:label1\" content=\"Est. reading time\" \/>\n\t<meta name=\"twitter:data1\" content=\"7 minutes\" \/>\n<script type=\"application\/ld+json\" class=\"yoast-schema-graph\">{\"@context\":\"https:\/\/schema.org\",\"@graph\":[{\"@type\":\"WebPage\",\"@id\":\"https:\/\/www.anake.es\/politica-de-cookies\/\",\"url\":\"https:\/\/www.anake.es\/politica-de-cookies\/\",\"name\":\"Pol\u00edtica de Cookies - Anake. Coaching, Mindfulness, Formaci\u00f3n.\",\"isPartOf\":{\"@id\":\"https:\/\/www.anake.es\/#website\"},\"datePublished\":\"2021-08-12T10:04:37+00:00\",\"dateModified\":\"2022-06-29T04:48:26+00:00\",\"breadcrumb\":{\"@id\":\"https:\/\/www.anake.es\/politica-de-cookies\/#breadcrumb\"},\"inLanguage\":\"en-US\",\"potentialAction\":[{\"@type\":\"ReadAction\",\"target\":[\"https:\/\/www.anake.es\/politica-de-cookies\/\"]}]},{\"@type\":\"BreadcrumbList\",\"@id\":\"https:\/\/www.anake.es\/politica-de-cookies\/#breadcrumb\",\"itemListElement\":[{\"@type\":\"ListItem\",\"position\":1,\"name\":\"Portada\",\"item\":\"https:\/\/www.anake.es\/\"},{\"@type\":\"ListItem\",\"position\":2,\"name\":\"Pol\u00edtica de Cookies\"}]},{\"@type\":\"WebSite\",\"@id\":\"https:\/\/www.anake.es\/#website\",\"url\":\"https:\/\/www.anake.es\/\",\"name\":\"Anake. Coaching, Mindfulness, Formaci\u00f3n.\",\"description\":\"Desarrollo personal y de las organizaciones. \",\"potentialAction\":[{\"@type\":\"SearchAction\",\"target\":{\"@type\":\"EntryPoint\",\"urlTemplate\":\"https:\/\/www.anake.es\/?s={search_term_string}\"},\"query-input\":{\"@type\":\"PropertyValueSpecification\",\"valueRequired\":true,\"valueName\":\"search_term_string\"}}],\"inLanguage\":\"en-US\"}]}<\/script>\n<!-- \/ Yoast SEO plugin. -->","yoast_head_json":{"title":"Pol\u00edtica de Cookies - Anake. Coaching, Mindfulness, Formaci\u00f3n.","robots":{"index":"index","follow":"follow","max-snippet":"max-snippet:-1","max-image-preview":"max-image-preview:large","max-video-preview":"max-video-preview:-1"},"canonical":"https:\/\/www.anake.es\/en\/politica-de-cookies\/","og_locale":"en_US","og_type":"article","og_title":"Pol\u00edtica de Cookies - Anake. Coaching, Mindfulness, Formaci\u00f3n.","og_description":"Pol\u00edtica de cookies Fecha de \u00faltima actualizaci\u00f3n: 14\/04\/2020 En cumplimiento la Ley 34\/2002, de 11 de julio de Servicios de la Sociedad de la Informaci\u00f3n y Comercio Electr\u00f3nico le informamos de que el presente sitio https:\/\/anake.es \u00a0es titularidad de CONCEPCI\u00d3N PORRAS L\u00d3PEZ (en adelante, ANAKE). Esta web utiliza cookies propias y de terceros para (indicar [&hellip;]","og_url":"https:\/\/www.anake.es\/en\/politica-de-cookies\/","og_site_name":"Anake. Coaching, Mindfulness, Formaci\u00f3n.","article_modified_time":"2022-06-29T04:48:26+00:00","twitter_card":"summary_large_image","twitter_misc":{"Est. reading time":"7 minutes"},"schema":{"@context":"https:\/\/schema.org","@graph":[{"@type":"WebPage","@id":"https:\/\/www.anake.es\/politica-de-cookies\/","url":"https:\/\/www.anake.es\/politica-de-cookies\/","name":"Pol\u00edtica de Cookies - Anake. Coaching, Mindfulness, Formaci\u00f3n.","isPartOf":{"@id":"https:\/\/www.anake.es\/#website"},"datePublished":"2021-08-12T10:04:37+00:00","dateModified":"2022-06-29T04:48:26+00:00","breadcrumb":{"@id":"https:\/\/www.anake.es\/politica-de-cookies\/#breadcrumb"},"inLanguage":"en-US","potentialAction":[{"@type":"ReadAction","target":["https:\/\/www.anake.es\/politica-de-cookies\/"]}]},{"@type":"BreadcrumbList","@id":"https:\/\/www.anake.es\/politica-de-cookies\/#breadcrumb","itemListElement":[{"@type":"ListItem","position":1,"name":"Portada","item":"https:\/\/www.anake.es\/"},{"@type":"ListItem","position":2,"name":"Pol\u00edtica de Cookies"}]},{"@type":"WebSite","@id":"https:\/\/www.anake.es\/#website","url":"https:\/\/www.anake.es\/","name":"Anake. Coaching, Mindfulness, Formaci\u00f3n.","description":"Desarrollo personal y de las organizaciones. ","potentialAction":[{"@type":"SearchAction","target":{"@type":"EntryPoint","urlTemplate":"https:\/\/www.anake.es\/?s={search_term_string}"},"query-input":{"@type":"PropertyValueSpecification","valueRequired":true,"valueName":"search_term_string"}}],"inLanguage":"en-US"}]}},"_links":{"self":[{"href":"https:\/\/www.anake.es\/en\/wp-json\/wp\/v2\/pages\/17","targetHints":{"allow":["GET"]}}],"collection":[{"href":"https:\/\/www.anake.es\/en\/wp-json\/wp\/v2\/pages"}],"about":[{"href":"https:\/\/www.anake.es\/en\/wp-json\/wp\/v2\/types\/page"}],"author":[{"embeddable":true,"href":"https:\/\/www.anake.es\/en\/wp-json\/wp\/v2\/users\/1"}],"replies":[{"embeddable":true,"href":"https:\/\/www.anake.es\/en\/wp-json\/wp\/v2\/comments?post=17"}],"version-history":[{"count":7,"href":"https:\/\/www.anake.es\/en\/wp-json\/wp\/v2\/pages\/17\/revisions"}],"predecessor-version":[{"id":7356,"href":"https:\/\/www.anake.es\/en\/wp-json\/wp\/v2\/pages\/17\/revisions\/7356"}],"wp:attachment":[{"href":"https:\/\/www.anake.es\/en\/wp-json\/wp\/v2\/media?parent=17"}],"curies":[{"name":"wp","href":"https:\/\/api.w.org\/{rel}","templated":true}]}}