{"id":19,"date":"2021-08-12T12:06:28","date_gmt":"2021-08-12T10:06:28","guid":{"rendered":"https:\/\/inicio.bgimeno.com\/?page_id=19"},"modified":"2022-06-23T11:54:35","modified_gmt":"2022-06-23T09:54:35","slug":"aviso-legal","status":"publish","type":"page","link":"https:\/\/www.anake.es\/en\/aviso-legal\/","title":{"rendered":"Aviso Legal"},"content":{"rendered":"<p>[et_pb_section fb_built=&#8221;1&#8243; _builder_version=&#8221;4.14.9&#8243; _module_preset=&#8221;default&#8221; global_colors_info=&#8221;{}&#8221;][et_pb_row _builder_version=&#8221;4.14.9&#8243; _module_preset=&#8221;default&#8221; global_colors_info=&#8221;{}&#8221;][et_pb_column type=&#8221;4_4&#8243; _builder_version=&#8221;4.14.9&#8243; _module_preset=&#8221;default&#8221; global_colors_info=&#8221;{}&#8221;][et_pb_text _builder_version=&#8221;4.14.9&#8243; _module_preset=&#8221;default&#8221; text_font=&#8221;News Cycle||||||||&#8221; text_text_color=&#8221;#000000&#8243; text_font_size=&#8221;20px&#8221; text_line_height=&#8221;1.3em&#8221; max_width=&#8221;900px&#8221; module_alignment=&#8221;center&#8221; hover_enabled=&#8221;0&#8243; global_colors_info=&#8221;{}&#8221; sticky_enabled=&#8221;0&#8243;]<\/p>\n<h1>Aviso Legal<\/h1>\n<p>&nbsp;<\/p>\n<p><strong>El presente aviso legal (en adelante, el &#8220;Aviso Legal&#8221;) &#8220;) regula el uso de la web de CONCEPCI\u00d3N PORRAS L\u00d3PEZ (en adelante, ANAKE) \u00a0con domicilio social en\u00a0 <\/strong><strong>C\/Cuevas 1, bjo 18600, Motril Granada<\/strong><strong>;\u00a0 Direcci\u00f3n de correo electr\u00f3nico <a href=\"mailto:hablamos@anake.es\">hablamos@anake.es<\/a>, tel\u00e9fono de contacto+34 696 56 36 28, N\u00famero de identificaci\u00f3n fiscal\u00a0 38446997J <\/strong><\/p>\n<p><strong>Legislaci\u00f3n<\/strong><\/p>\n<p>Asimismo, la utilizaci\u00f3n de la Web se encuentra sometida igualmente a todos los avisos, reglamentos de uso e instrucciones, puestos en conocimiento del Usuario por que sustituyen, completan y\/o modifican el presente Aviso Legal.<\/p>\n<p>Con car\u00e1cter general las relaciones entre el ANAKE con los Usuarios de sus servicios telem\u00e1ticos, presentes en la Web, se encuentran sometidas a la legislaci\u00f3n y jurisdicci\u00f3n espa\u00f1olas.<\/p>\n<p>Para cualquier cuesti\u00f3n litigiosa ambas partes, \u00a0ANAKE\u00a0 \u00a0y el USUARIO, con renuncia expresa a cualquier otro fuero que pudiera corresponderles, se someten a la jurisdicci\u00f3n y competencia exclusiva de los Juzgados y Tribunales de Sevilla (Espa\u00f1a).<\/p>\n<p>Tambi\u00e9n podr\u00e1n someter sus conflictos al arbitraje de consumo, mediante la adhesi\u00f3n de aqu\u00e9llas al Sistema Arbitral de Consumo competente que se prestar\u00e1 tambi\u00e9n por medios electr\u00f3nicos, conforme al procedimiento establecido reglamentariamente.<\/p>\n<p><strong>Uso y acceso de Usuarios<\/strong><\/p>\n<p>El Usuario queda informado, y acepta, que el acceso a la presente Web no supone, en modo alguno, el inicio de una relaci\u00f3n comercial con ANAKE<\/p>\n<p>ANAKE\u00a0 se reserva el derecho de efectuar sin previo aviso las modificaciones que considere oportunas en su Web, pudiendo cambiar, suprimir o a\u00f1adir tanto los contenidos y servicios que se presten a trav\u00e9s de la misma como la forma en la que \u00e9stos aparezcan presentados o localizados en sus servidores.<\/p>\n<p><strong>Propiedad intelectual e industrial<\/strong><\/p>\n<p>Todos los contenidos del sitio Web\u00a0 <a href=\"http:\/\/www.anake.es\/\">www.anake.es<\/a> (incluyendo, sin car\u00e1cter limitativo, bases de datos, im\u00e1genes y fotograf\u00edas, dibujos, gr\u00e1ficos y archivos de texto) son propiedad de ANAKE \u00a0\u00a0o de los proveedores de contenidos, habiendo sido, en este \u00faltimo caso, objeto de licencia o cesi\u00f3n por parte de los mismos, y est\u00e1n protegidos por las normas nacionales o internacionales de propiedad intelectual. La recopilaci\u00f3n, dise\u00f1o, ordenaci\u00f3n y montaje de todo el contenido del sitio Web es propiedad exclusiva de ANAKE \u00a0\u00a0y se encuentra protegida por las normas nacionales e internacionales de propiedad industrial e intelectual.<\/p>\n<p>Las marcas, r\u00f3tulos, signos distintivos o logos de sitio Web <a href=\"http:\/\/www.anake.es\/\">www.anake.es<\/a> son titularidad de ANAKE \u00a0y est\u00e1n debidamente registrados.<\/p>\n<p>Los textos, datos y dibujos gr\u00e1ficos son propiedad de ANAKE \u00a0\u00a0o de las entidades proveedoras de informaci\u00f3n, no pudiendo ser objeto de ulterior modificaci\u00f3n, copia, transformaci\u00f3n, alteraci\u00f3n, reproducci\u00f3n, adaptaci\u00f3n o traducci\u00f3n por parte de terceros, sin la expresa autorizaci\u00f3n por parte del titular de dicho contenido. La puesta a disposici\u00f3n de los textos, datos y dibujos gr\u00e1ficos no implica, en ning\u00fan caso, la cesi\u00f3n de su titularidad o la concesi\u00f3n de un derecho de explotaci\u00f3n, reproducci\u00f3n, difusi\u00f3n, transformaci\u00f3n, distribuci\u00f3n, o transmisi\u00f3n a su favor, distinto del derecho de uso que comporta la utilizaci\u00f3n leg\u00edtima de <a href=\"http:\/\/www.anake.es\/\">www.anake.e<\/a>s.<\/p>\n<p><strong>Contenido de la web y enlaces (links)<\/strong><\/p>\n<p>ANAKE \u00a0\u00a0no se responsabiliza del mal uso que se realice de los contenidos de sus p\u00e1ginas Web, siendo exclusiva responsabilidad de la persona que accede a ellos o los utilice.<\/p>\n<p>Los titulares de otros sitios Web que deseen crear un hiperv\u00ednculo a, se comprometen a no establecer enlaces a sitios Web en los que no aparezca el logotipo de ANAKE \u00a0<strong>\u00a0<\/strong>y a no realizar manifestaciones falsas, inexactas o incorrectas, que puedan inducir a error o, en general, que sean contrarias a las leyes.<\/p>\n<p>Los titulares de otros sitios Web que deseen crear un hiperv\u00ednculo a <a href=\"http:\/\/www.anake.es\/\">www.anake.es<\/a> se comprometen, asimismo, a no establecer hiperv\u00ednculos con sitios Web que contengan contenidos, manifestaciones o propaganda de \u00edndole racista, xen\u00f3foba, pornogr\u00e1fica, de apolog\u00eda del terrorismo y, en general, puedan perjudicar de cualquier modo el buen nombre o la imagen de ANAKE \u00a0<\/p>\n<p>La inclusi\u00f3n de hiperv\u00ednculos en <a href=\"http:\/\/www.anake.es\/\">www.anake.es<\/a> no implica necesariamente que ANAKE \u00a0\u00a0mantenga relaciones mercantiles o v\u00ednculos asociativos con el titular del sitio Web en la que se establezca el enlace.<\/p>\n<p>La presencia de hiperv\u00ednculos en <a href=\"http:\/\/www.anake.es\/\">www.anake.es<\/a> tiene una finalidad meramente informativa, motivo por el cual, ANAKE \u00a0\u00a0no se responsabiliza ni otorga garant\u00eda de ninguna naturaleza, ni expresa ni impl\u00edcita respecto a la comerciabilidad, idoneidad, calidad, caracter\u00edsticas, procedencia, comercializaci\u00f3n o cualquier otro aspecto de las informaciones, productos y\/o servicios.<\/p>\n<p>La exenci\u00f3n de responsabilidad establecida en los apartados anteriores no operar\u00e1 en el supuesto de que el proveedor de contenidos al que se enlace o cuya localizaci\u00f3n se facilite act\u00fae bajo la direcci\u00f3n, autoridad o control del prestador que facilite la localizaci\u00f3n de esos contenidos.<\/p>\n<p><strong>Manifestaciones<\/strong><\/p>\n<p>ANAKE \u00a0manifiesta que este sitio Web dispone de la tecnolog\u00eda adecuada para permitir el acceso y utilizaci\u00f3n del mismo. No obstante, no se responsabiliza por la eventual existencia de virus u otros elementos nocivos, introducidos por cualquier medio o por cualquier tercero, que puedan producir alteraciones en sus sistemas inform\u00e1ticos.<\/p>\n<p>El sitio Web <a href=\"http:\/\/www.anake.es\/\">www.anake.es<\/a> podr\u00eda contener inexactitudes, omisiones relevantes, imprecisiones o erratas. ANAKE \u00a0\u00a0no garantiza, en ning\u00fan caso, la veracidad, exactitud y actualidad de los datos contenidos en su sitio Web. El usuario que accede a <a href=\"http:\/\/www.anake.es\/\">www.anake.es<\/a> exonera a ANAKE \u00a0\u00a0de cualquier responsabilidad en relaci\u00f3n a la fiabilidad, utilidad o falsas expectativas que este sitio Web pudiera producirle.<\/p>\n<p><strong>Limitaci\u00f3n de responsabilidad<\/strong><\/p>\n<p>ANAKE \u00a0no ofrece garant\u00edas de ninguna clase en cuanto al funcionamiento del sitio Web https:\/\/www.aytochipiona.es\/ \u00a0o a la informaci\u00f3n contenida en el mismo. ANAKE \u00a0<strong>\u00a0<\/strong>no ser\u00e1 responsable de los da\u00f1os o perjuicios, de cualquier \u00edndole, que puedan derivarse del uso del sitio Web <a href=\"http:\/\/www.anake.es\/\">www.anake.es<\/a><\/p>\n<p>ANAKE \u00a0\u00a0excluye toda responsabilidad por la licitud, contenido y calidad de los datos e informaciones ofrecidos por terceras entidades a trav\u00e9s del sitio Web <a href=\"http:\/\/www.anake.es\/\">www.anake.es<\/a><\/p>\n<p>[\/et_pb_text][\/et_pb_column][\/et_pb_row][\/et_pb_section]<\/p>\n","protected":false},"excerpt":{"rendered":"<p>Aviso Legal &nbsp; El presente aviso legal (en adelante, el &#8220;Aviso Legal&#8221;) &#8220;) regula el uso de la web de CONCEPCI\u00d3N PORRAS L\u00d3PEZ (en adelante, ANAKE) \u00a0con domicilio social en\u00a0 C\/Cuevas 1, bjo 18600, Motril Granada;\u00a0 Direcci\u00f3n de correo electr\u00f3nico hablamos@anake.es, tel\u00e9fono de contacto+34 696 56 36 28, N\u00famero de identificaci\u00f3n fiscal\u00a0 38446997J Legislaci\u00f3n Asimismo, [&hellip;]<\/p>\n","protected":false},"author":1,"featured_media":0,"parent":0,"menu_order":0,"comment_status":"closed","ping_status":"closed","template":"","meta":{"_et_pb_use_builder":"on","_et_pb_old_content":"<!-- wp:divi\/placeholder \/-->","_et_gb_content_width":"","_joinchat":[],"footnotes":""},"class_list":["post-19","page","type-page","status-publish","hentry"],"yoast_head":"<!-- This site is optimized with the Yoast SEO plugin v26.2 - https:\/\/yoast.com\/wordpress\/plugins\/seo\/ -->\n<title>Aviso Legal - Anake. Coaching, Mindfulness, Formaci\u00f3n.<\/title>\n<meta name=\"robots\" content=\"index, follow, max-snippet:-1, max-image-preview:large, max-video-preview:-1\" \/>\n<link rel=\"canonical\" href=\"https:\/\/www.anake.es\/en\/aviso-legal\/\" \/>\n<meta property=\"og:locale\" content=\"en_US\" \/>\n<meta property=\"og:locale:alternate\" content=\"es_ES\" \/>\n<meta property=\"og:type\" content=\"article\" \/>\n<meta property=\"og:title\" content=\"Aviso Legal - Anake. Coaching, Mindfulness, Formaci\u00f3n.\" \/>\n<meta property=\"og:description\" content=\"Aviso Legal &nbsp; El presente aviso legal (en adelante, el &quot;Aviso Legal&quot;) &quot;) regula el uso de la web de CONCEPCI\u00d3N PORRAS L\u00d3PEZ (en adelante, ANAKE) \u00a0con domicilio social en\u00a0 C\/Cuevas 1, bjo 18600, Motril Granada;\u00a0 Direcci\u00f3n de correo electr\u00f3nico hablamos@anake.es, tel\u00e9fono de contacto+34 696 56 36 28, N\u00famero de identificaci\u00f3n fiscal\u00a0 38446997J Legislaci\u00f3n Asimismo, [&hellip;]\" \/>\n<meta property=\"og:url\" content=\"https:\/\/www.anake.es\/en\/aviso-legal\/\" \/>\n<meta property=\"og:site_name\" content=\"Anake. Coaching, Mindfulness, Formaci\u00f3n.\" \/>\n<meta property=\"article:modified_time\" content=\"2022-06-23T09:54:35+00:00\" \/>\n<meta name=\"twitter:card\" content=\"summary_large_image\" \/>\n<meta name=\"twitter:label1\" content=\"Est. reading time\" \/>\n\t<meta name=\"twitter:data1\" content=\"6 minutes\" \/>\n<script type=\"application\/ld+json\" class=\"yoast-schema-graph\">{\"@context\":\"https:\/\/schema.org\",\"@graph\":[{\"@type\":\"WebPage\",\"@id\":\"https:\/\/www.anake.es\/aviso-legal\/\",\"url\":\"https:\/\/www.anake.es\/aviso-legal\/\",\"name\":\"Aviso Legal - Anake. Coaching, Mindfulness, Formaci\u00f3n.\",\"isPartOf\":{\"@id\":\"https:\/\/www.anake.es\/#website\"},\"datePublished\":\"2021-08-12T10:06:28+00:00\",\"dateModified\":\"2022-06-23T09:54:35+00:00\",\"breadcrumb\":{\"@id\":\"https:\/\/www.anake.es\/aviso-legal\/#breadcrumb\"},\"inLanguage\":\"en-US\",\"potentialAction\":[{\"@type\":\"ReadAction\",\"target\":[\"https:\/\/www.anake.es\/aviso-legal\/\"]}]},{\"@type\":\"BreadcrumbList\",\"@id\":\"https:\/\/www.anake.es\/aviso-legal\/#breadcrumb\",\"itemListElement\":[{\"@type\":\"ListItem\",\"position\":1,\"name\":\"Portada\",\"item\":\"https:\/\/www.anake.es\/\"},{\"@type\":\"ListItem\",\"position\":2,\"name\":\"Aviso Legal\"}]},{\"@type\":\"WebSite\",\"@id\":\"https:\/\/www.anake.es\/#website\",\"url\":\"https:\/\/www.anake.es\/\",\"name\":\"Anake. Coaching, Mindfulness, Formaci\u00f3n.\",\"description\":\"Desarrollo personal y de las organizaciones. \",\"potentialAction\":[{\"@type\":\"SearchAction\",\"target\":{\"@type\":\"EntryPoint\",\"urlTemplate\":\"https:\/\/www.anake.es\/?s={search_term_string}\"},\"query-input\":{\"@type\":\"PropertyValueSpecification\",\"valueRequired\":true,\"valueName\":\"search_term_string\"}}],\"inLanguage\":\"en-US\"}]}<\/script>\n<!-- \/ Yoast SEO plugin. -->","yoast_head_json":{"title":"Aviso Legal - Anake. Coaching, Mindfulness, Formaci\u00f3n.","robots":{"index":"index","follow":"follow","max-snippet":"max-snippet:-1","max-image-preview":"max-image-preview:large","max-video-preview":"max-video-preview:-1"},"canonical":"https:\/\/www.anake.es\/en\/aviso-legal\/","og_locale":"en_US","og_type":"article","og_title":"Aviso Legal - Anake. Coaching, Mindfulness, Formaci\u00f3n.","og_description":"Aviso Legal &nbsp; El presente aviso legal (en adelante, el \"Aviso Legal\") \") regula el uso de la web de CONCEPCI\u00d3N PORRAS L\u00d3PEZ (en adelante, ANAKE) \u00a0con domicilio social en\u00a0 C\/Cuevas 1, bjo 18600, Motril Granada;\u00a0 Direcci\u00f3n de correo electr\u00f3nico hablamos@anake.es, tel\u00e9fono de contacto+34 696 56 36 28, N\u00famero de identificaci\u00f3n fiscal\u00a0 38446997J Legislaci\u00f3n Asimismo, [&hellip;]","og_url":"https:\/\/www.anake.es\/en\/aviso-legal\/","og_site_name":"Anake. Coaching, Mindfulness, Formaci\u00f3n.","article_modified_time":"2022-06-23T09:54:35+00:00","twitter_card":"summary_large_image","twitter_misc":{"Est. reading time":"6 minutes"},"schema":{"@context":"https:\/\/schema.org","@graph":[{"@type":"WebPage","@id":"https:\/\/www.anake.es\/aviso-legal\/","url":"https:\/\/www.anake.es\/aviso-legal\/","name":"Aviso Legal - Anake. Coaching, Mindfulness, Formaci\u00f3n.","isPartOf":{"@id":"https:\/\/www.anake.es\/#website"},"datePublished":"2021-08-12T10:06:28+00:00","dateModified":"2022-06-23T09:54:35+00:00","breadcrumb":{"@id":"https:\/\/www.anake.es\/aviso-legal\/#breadcrumb"},"inLanguage":"en-US","potentialAction":[{"@type":"ReadAction","target":["https:\/\/www.anake.es\/aviso-legal\/"]}]},{"@type":"BreadcrumbList","@id":"https:\/\/www.anake.es\/aviso-legal\/#breadcrumb","itemListElement":[{"@type":"ListItem","position":1,"name":"Portada","item":"https:\/\/www.anake.es\/"},{"@type":"ListItem","position":2,"name":"Aviso Legal"}]},{"@type":"WebSite","@id":"https:\/\/www.anake.es\/#website","url":"https:\/\/www.anake.es\/","name":"Anake. Coaching, Mindfulness, Formaci\u00f3n.","description":"Desarrollo personal y de las organizaciones. ","potentialAction":[{"@type":"SearchAction","target":{"@type":"EntryPoint","urlTemplate":"https:\/\/www.anake.es\/?s={search_term_string}"},"query-input":{"@type":"PropertyValueSpecification","valueRequired":true,"valueName":"search_term_string"}}],"inLanguage":"en-US"}]}},"_links":{"self":[{"href":"https:\/\/www.anake.es\/en\/wp-json\/wp\/v2\/pages\/19","targetHints":{"allow":["GET"]}}],"collection":[{"href":"https:\/\/www.anake.es\/en\/wp-json\/wp\/v2\/pages"}],"about":[{"href":"https:\/\/www.anake.es\/en\/wp-json\/wp\/v2\/types\/page"}],"author":[{"embeddable":true,"href":"https:\/\/www.anake.es\/en\/wp-json\/wp\/v2\/users\/1"}],"replies":[{"embeddable":true,"href":"https:\/\/www.anake.es\/en\/wp-json\/wp\/v2\/comments?post=19"}],"version-history":[{"count":4,"href":"https:\/\/www.anake.es\/en\/wp-json\/wp\/v2\/pages\/19\/revisions"}],"predecessor-version":[{"id":7339,"href":"https:\/\/www.anake.es\/en\/wp-json\/wp\/v2\/pages\/19\/revisions\/7339"}],"wp:attachment":[{"href":"https:\/\/www.anake.es\/en\/wp-json\/wp\/v2\/media?parent=19"}],"curies":[{"name":"wp","href":"https:\/\/api.w.org\/{rel}","templated":true}]}}