{"id":7377,"date":"2025-10-17T12:56:50","date_gmt":"2025-10-17T10:56:50","guid":{"rendered":"https:\/\/www.anake.es\/student-registration\/"},"modified":"2025-10-17T12:56:50","modified_gmt":"2025-10-17T10:56:50","slug":"student-registration","status":"publish","type":"page","link":"https:\/\/www.anake.es\/en\/student-registration\/","title":{"rendered":"Student Registration"},"content":{"rendered":"<form id=\"academy_student_reg_form\" class=\"academy-reg-form academy-reg-form--student\" method=\"post\" action=\"#\">\n\t<input type=\"hidden\" id=\"_wpnonce\" name=\"_wpnonce\" value=\"34620b90e0\" \/><input type=\"hidden\" name=\"_wp_http_referer\" value=\"\/en\/wp-json\/wp\/v2\/pages\/7377\" \/>\t\n\t<div class=\"academy-row\">\n\t\t\t\t<div class=\"academy-col academy-form-group\">\n\t\t\t\t\t\t\t\t<label for=\"academy_email\">Email<\/label>\n\t\t\t\t\t<div>\n\t\t\t\t\t\t<input\n\t\t\t\t\t\t\t\tid=\"academy_email\"\n\t\t\t\t\t\t\t\tclass=\"academy-form-control\"\n\t\t\t\t\t\t\t\ttype=\"text\"\n\t\t\t\t\t\t\t\tname=\"email\"\n\t\t\t\t\t\t\t\tplaceholder=\"Enter Email Address\"\n\t\t\t\t\t\t\t required \t\t\t\t\t\t\/>\n\t\t\t\t\t\t\t\t\t\t\t\t\t\t\t\t\t<\/div>\n\t\t\t\t\t\t\t<\/div>\n\t\t\t\t<\/div>\n\t\t<div class=\"academy-row\">\n\t\t\t\t<div class=\"academy-col academy-form-group\">\n\t\t\t\t\t\t\t\t<label for=\"academy_password\">Contrase\u00f1a<\/label>\n\t\t\t\t\t<div>\n\t\t\t\t\t\t<input\n\t\t\t\t\t\t\t\tid=\"academy_password\"\n\t\t\t\t\t\t\t\tclass=\"academy-form-control\"\n\t\t\t\t\t\t\t\ttype=\"password\"\n\t\t\t\t\t\t\t\tname=\"password\"\n\t\t\t\t\t\t\t\tplaceholder=\"Contrase\u00f1a\"\n\t\t\t\t\t\t\t required \t\t\t\t\t\t\/>\n\t\t\t\t\t\t\t\t\t\t\t\t\t<span id=\"password-icon\" class=\"toggle-password academy-icon academy-icon--eye\"><\/span>\n\t\t\t\t\t\t\t\t\t\t\t\t\t\t\t\t\t<\/div>\n\t\t\t\t\t\t\t<\/div>\n\t\t\t\t\t\t<div class=\"academy-col academy-form-group\">\n\t\t\t\t\t\t\t\t<label for=\"academy_confirm-password\">Confirma tu contrase\u00f1a<\/label>\n\t\t\t\t\t<div>\n\t\t\t\t\t\t<input\n\t\t\t\t\t\t\t\tid=\"academy_confirm-password\"\n\t\t\t\t\t\t\t\tclass=\"academy-form-control\"\n\t\t\t\t\t\t\t\ttype=\"password\"\n\t\t\t\t\t\t\t\tname=\"confirm-password\"\n\t\t\t\t\t\t\t\tplaceholder=\"Confirma tu contrase\u00f1a\"\n\t\t\t\t\t\t\t required \t\t\t\t\t\t\/>\n\t\t\t\t\t\t\t\t\t\t\t\t\t\t\t\t\t\t\t<span id=\"confirm-password-icon\" class=\"toggle-password academy-icon academy-icon--eye\"><\/span>\n\t\t\t\t\t\t\t\t\t\t\t<\/div>\n\t\t\t\t\t\t\t<\/div>\n\t\t\t\t<\/div>\n\t\t<div class=\"academy-row\">\n\t\t\t\t<div class=\"academy-col academy-form-group\">\n\t\t\t\t\t\t\t\t\t\t\t\t\t<button class=\"academy-btn academy-btn--bg-purple\"\n\t\t\t\t\ttype=\"submit\">Registrarme como estudiante<\/button>\n\t\t\t\t\t\t\t<\/div>\n\t\t\t\t<\/div>\n\t\t<div class=\"academy-register-form-status\"><\/div>\n<\/form>\n","protected":false},"excerpt":{"rendered":"<p>Email Contrase\u00f1a Confirma tu contrase\u00f1a Registrarme como estudiante<\/p>\n","protected":false},"author":1,"featured_media":0,"parent":0,"menu_order":0,"comment_status":"closed","ping_status":"closed","template":"academy-canvas.php","meta":{"_et_pb_use_builder":"","_et_pb_old_content":"","_et_gb_content_width":"","_joinchat":[],"footnotes":""},"class_list":["post-7377","page","type-page","status-publish","hentry"],"yoast_head":"<!-- This site is optimized with the Yoast SEO plugin v26.2 - https:\/\/yoast.com\/wordpress\/plugins\/seo\/ -->\n<title>Student Registration<\/title>\n<meta name=\"robots\" content=\"index, follow, max-snippet:-1, max-image-preview:large, max-video-preview:-1\" \/>\n<link rel=\"canonical\" href=\"https:\/\/www.anake.es\/en\/student-registration\/\" \/>\n<meta property=\"og:locale\" content=\"en_US\" \/>\n<meta property=\"og:locale:alternate\" content=\"es_ES\" \/>\n<meta property=\"og:type\" content=\"article\" \/>\n<meta property=\"og:title\" content=\"Student Registration\" \/>\n<meta property=\"og:description\" content=\"Email Contrase\u00f1a Confirma tu contrase\u00f1a Registrarme como estudiante\" \/>\n<meta property=\"og:url\" content=\"https:\/\/www.anake.es\/en\/student-registration\/\" \/>\n<meta property=\"og:site_name\" content=\"Anake. Coaching, Mindfulness, Formaci\u00f3n.\" \/>\n<meta name=\"twitter:card\" content=\"summary_large_image\" \/>\n<script type=\"application\/ld+json\" class=\"yoast-schema-graph\">{\"@context\":\"https:\/\/schema.org\",\"@graph\":[{\"@type\":\"WebPage\",\"@id\":\"https:\/\/www.anake.es\/student-registration\/\",\"url\":\"https:\/\/www.anake.es\/student-registration\/\",\"name\":\"Student Registration\",\"isPartOf\":{\"@id\":\"https:\/\/www.anake.es\/#website\"},\"datePublished\":\"2025-10-17T10:56:50+00:00\",\"breadcrumb\":{\"@id\":\"https:\/\/www.anake.es\/student-registration\/#breadcrumb\"},\"inLanguage\":\"en-US\",\"potentialAction\":[{\"@type\":\"ReadAction\",\"target\":[\"https:\/\/www.anake.es\/student-registration\/\"]}]},{\"@type\":\"BreadcrumbList\",\"@id\":\"https:\/\/www.anake.es\/student-registration\/#breadcrumb\",\"itemListElement\":[{\"@type\":\"ListItem\",\"position\":1,\"name\":\"Portada\",\"item\":\"https:\/\/www.anake.es\/\"},{\"@type\":\"ListItem\",\"position\":2,\"name\":\"Student Registration\"}]},{\"@type\":\"WebSite\",\"@id\":\"https:\/\/www.anake.es\/#website\",\"url\":\"https:\/\/www.anake.es\/\",\"name\":\"Anake. Coaching, Mindfulness, Formaci\u00f3n.\",\"description\":\"Desarrollo personal y de las organizaciones. \",\"potentialAction\":[{\"@type\":\"SearchAction\",\"target\":{\"@type\":\"EntryPoint\",\"urlTemplate\":\"https:\/\/www.anake.es\/?s={search_term_string}\"},\"query-input\":{\"@type\":\"PropertyValueSpecification\",\"valueRequired\":true,\"valueName\":\"search_term_string\"}}],\"inLanguage\":\"en-US\"}]}<\/script>\n<!-- \/ Yoast SEO plugin. -->","yoast_head_json":{"title":"Student Registration","robots":{"index":"index","follow":"follow","max-snippet":"max-snippet:-1","max-image-preview":"max-image-preview:large","max-video-preview":"max-video-preview:-1"},"canonical":"https:\/\/www.anake.es\/en\/student-registration\/","og_locale":"en_US","og_type":"article","og_title":"[:es]Student Registration[:] - Anake. Coaching, Mindfulness, Formaci\u00f3n.","og_description":"Email Contrase\u00f1a Confirma tu contrase\u00f1a Registrarme como estudiante","og_url":"https:\/\/www.anake.es\/en\/student-registration\/","og_site_name":"Anake. Coaching, Mindfulness, Formaci\u00f3n.","twitter_card":"summary_large_image","schema":{"@context":"https:\/\/schema.org","@graph":[{"@type":"WebPage","@id":"https:\/\/www.anake.es\/student-registration\/","url":"https:\/\/www.anake.es\/student-registration\/","name":"Student Registration","isPartOf":{"@id":"https:\/\/www.anake.es\/#website"},"datePublished":"2025-10-17T10:56:50+00:00","breadcrumb":{"@id":"https:\/\/www.anake.es\/student-registration\/#breadcrumb"},"inLanguage":"en-US","potentialAction":[{"@type":"ReadAction","target":["https:\/\/www.anake.es\/student-registration\/"]}]},{"@type":"BreadcrumbList","@id":"https:\/\/www.anake.es\/student-registration\/#breadcrumb","itemListElement":[{"@type":"ListItem","position":1,"name":"Portada","item":"https:\/\/www.anake.es\/"},{"@type":"ListItem","position":2,"name":"Student Registration"}]},{"@type":"WebSite","@id":"https:\/\/www.anake.es\/#website","url":"https:\/\/www.anake.es\/","name":"Anake. Coaching, Mindfulness, Formaci\u00f3n.","description":"Desarrollo personal y de las organizaciones. ","potentialAction":[{"@type":"SearchAction","target":{"@type":"EntryPoint","urlTemplate":"https:\/\/www.anake.es\/?s={search_term_string}"},"query-input":{"@type":"PropertyValueSpecification","valueRequired":true,"valueName":"search_term_string"}}],"inLanguage":"en-US"}]}},"_links":{"self":[{"href":"https:\/\/www.anake.es\/en\/wp-json\/wp\/v2\/pages\/7377","targetHints":{"allow":["GET"]}}],"collection":[{"href":"https:\/\/www.anake.es\/en\/wp-json\/wp\/v2\/pages"}],"about":[{"href":"https:\/\/www.anake.es\/en\/wp-json\/wp\/v2\/types\/page"}],"author":[{"embeddable":true,"href":"https:\/\/www.anake.es\/en\/wp-json\/wp\/v2\/users\/1"}],"replies":[{"embeddable":true,"href":"https:\/\/www.anake.es\/en\/wp-json\/wp\/v2\/comments?post=7377"}],"version-history":[{"count":0,"href":"https:\/\/www.anake.es\/en\/wp-json\/wp\/v2\/pages\/7377\/revisions"}],"wp:attachment":[{"href":"https:\/\/www.anake.es\/en\/wp-json\/wp\/v2\/media?parent=7377"}],"curies":[{"name":"wp","href":"https:\/\/api.w.org\/{rel}","templated":true}]}}